{"id":305,"date":"2021-09-08T17:45:04","date_gmt":"2021-09-08T15:45:04","guid":{"rendered":"https:\/\/kkt-stuttgart.de\/tickets\/"},"modified":"2021-09-08T20:09:50","modified_gmt":"2021-09-08T18:09:50","slug":"tickets","status":"publish","type":"page","link":"https:\/\/kkt-stuttgart.de\/en\/tickets\/","title":{"rendered":"Tickets"},"content":{"rendered":"\n<h3>Ticket purchase<\/h3>\n\n\n\n<p>Eintrittskarten k\u00f6nnen Sie sowohl online \u00fcber unseren Spielplan reservieren sowie an der Veranstaltungskasse erwerben. Gerne k\u00f6nnen Sie sich mit Ihrem Reservierungswunsch auch direkt an uns wenden. Kartentelefon: 0711 56 30 34 (Mo\u2013Fr, jeweils von 10 Uhr bis 12:30 Uhr. Rufen Sie uns au\u00dferhalb der Sprechzeiten an, k\u00f6nnen Sie uns gerne eine Nachricht auf dem Anrufbeantworter hinterlassen und wir rufen schnellstm\u00f6glich zur\u00fcck.) oder auch per E-Mail: <a href=\"mailto:kkt@kkt-stuttgart.de\" target=\"_blank\" rel=\"noreferrer noopener\">kkt@kkt-stuttgart.de<\/a>. <strong>Reservierte Karten m\u00fcssen eine Viertelstunde vor Vorstellungsbeginn an der Kasse abgeholt werden, sonst gehen sie in den freien Verkauf.<\/strong><\/p>\n\n\n\n<h3>Prices<\/h3>\n\n\n\n<p>Unsere Kleinkunst-, Musik- und Theatervorstellungen kosten in der Regel \u20ac 13,\u2013 bzw. \u20ac 10,\u2013 (Nachbarticket) oder \u20ac 8,\u2013 (erm\u00e4\u00dfigt). Kindertheatervorstellungen kosten \u20ac 6,\u2013 bzw. \u20ac 4,50 (erm\u00e4\u00dfigter Preis f\u00fcr Kindergarten-, Kindertageseinrichtungs- und Grundschulgruppen \u2013 bei diesen Gruppen ist eine Begleitperson kostenlos). Ausstellungen und weitere Veranstaltungsformate kosten in der Regel keinen Eintritt. Die Eintrittspreise f\u00fcr weitere Veranstaltungsformate sind in den jeweiligen Programmank\u00fcndigungen ver\u00f6ffentlicht.<\/p>\n\n\n\n<h3>Discounted tickets for 8 euro<\/h3>\n\n\n\n<p>Erm\u00e4\u00dfigte Karten erhalten Vereinsmitglieder, Sch\u00fcler*innen, Studierende, Arbeitssuchende und Inhaber*innen einer &#8220;Bonuscard + Kultur&#8221;.<\/p>\n","protected":false},"excerpt":{"rendered":"<p>Ticket purchase Eintrittskarten k\u00f6nnen Sie sowohl online \u00fcber unseren Spielplan reservieren sowie an der Veranstaltungskasse erwerben. Gerne k\u00f6nnen Sie sich mit Ihrem Reservierungswunsch auch direkt an uns wenden. Kartentelefon: 0711 56 30 34 (Mo\u2013Fr, jeweils von 10 Uhr bis 12:30 Uhr. Rufen Sie uns au\u00dferhalb der Sprechzeiten an, k\u00f6nnen Sie uns gerne eine Nachricht auf [&hellip;]<\/p>\n","protected":false},"author":1,"featured_media":0,"parent":0,"menu_order":0,"comment_status":"closed","ping_status":"closed","template":"karten.php","meta":[],"_links":{"self":[{"href":"https:\/\/kkt-stuttgart.de\/en\/wp-json\/wp\/v2\/pages\/305"}],"collection":[{"href":"https:\/\/kkt-stuttgart.de\/en\/wp-json\/wp\/v2\/pages"}],"about":[{"href":"https:\/\/kkt-stuttgart.de\/en\/wp-json\/wp\/v2\/types\/page"}],"author":[{"embeddable":true,"href":"https:\/\/kkt-stuttgart.de\/en\/wp-json\/wp\/v2\/users\/1"}],"replies":[{"embeddable":true,"href":"https:\/\/kkt-stuttgart.de\/en\/wp-json\/wp\/v2\/comments?post=305"}],"version-history":[{"count":2,"href":"https:\/\/kkt-stuttgart.de\/en\/wp-json\/wp\/v2\/pages\/305\/revisions"}],"predecessor-version":[{"id":315,"href":"https:\/\/kkt-stuttgart.de\/en\/wp-json\/wp\/v2\/pages\/305\/revisions\/315"}],"wp:attachment":[{"href":"https:\/\/kkt-stuttgart.de\/en\/wp-json\/wp\/v2\/media?parent=305"}],"curies":[{"name":"wp","href":"https:\/\/api.w.org\/{rel}","templated":true}]}}